{"id":12551,"date":"2021-07-23T19:56:41","date_gmt":"2021-07-23T16:56:41","guid":{"rendered":"https:\/\/cognituner.com\/experiences-with-cognituner\/"},"modified":"2021-09-20T21:10:13","modified_gmt":"2021-09-20T18:10:13","slug":"experiences-with-cognituner","status":"publish","type":"page","link":"https:\/\/cognituner.com\/en\/experiences-with-cognituner\/","title":{"rendered":"Experiences with Cognituner"},"content":{"rendered":"\n\n\t<h1>\n\t\t\t\tExperiences with Cognituner\n\t\t\t<\/h1>\n\t<h2>\n\t\t\t\tWhat is Cognituner?\n\t\t\t<\/h2>\n\t\t\t<h3>Cognituner is a tool for cognitive rehabilitation\u00a0developed by neuropsychologists. It is based on\u00a0research findings and models on cognitive\u00a0functioning, and its disorders after brain\u00a0injuries, alterations in brain functions, or aging,\u00a0as well as on evidence of neuroplasticity and\u00a0cognitive rehabilitation.<\/h3>\t\n\t<h2>\n\t\t\t\tExperiences\n\t\t\t<\/h2>\n\t\t\tLearn about the Cognituner user experience.\t\n\t<h3>I feel that my concentration and calming down\u00a0has improved.<\/h3>\n\t\t\t\t<img decoding=\"async\" src=\"https:\/\/cognituner.com\/wp-content\/uploads\/2019\/01\/quote-free-img.png\" alt=\"quote-free-img\" title=\"quote-free-img\" itemprop=\"image\"\/>\n\t<h3>There is a feeling of being sharper which shows\u00a0in everyday life, according to a loved one.<\/h3>\n\t\t\t\t<img decoding=\"async\" src=\"https:\/\/cognituner.com\/wp-content\/uploads\/2019\/01\/quote-free-img.png\" alt=\"quote-free-img\" title=\"quote-free-img\" itemprop=\"image\"\/>\n\t<h3>I feel like my ability to concentrate has\u00a0improved.<\/h3>\n\t<h3>When performing tasks, I get the feeling that,\u00a0Yes, I can do it.<\/h3>\n\t\t\t\t<img decoding=\"async\" src=\"https:\/\/cognituner.com\/wp-content\/uploads\/2019\/01\/quote-free-img.png\" alt=\"quote-free-img\" title=\"quote-free-img\" itemprop=\"image\"\/>\n\t<h2>\n\t\t\t\tKommentteja Cognitunerista\n\t\t\t<\/h2>\n\t\t\t\t\t\t\t\t<h3 class='uabb-testimonial-author-name testimonial-author-name'>Aivoinfarktin saaneita kuntoutujia <\/h3>\t\t\t\t\t\t\t\t\n\t\t\t\t\t\t\t<p>Kun teen harjoitteita p\u00e4ivitt\u00e4in, tulee tunne, ett\u00e4 teen kuntoutumiseni kannalta t\u00e4hdellist\u00e4.<\/p>\t\t\t\t\t\t\n\t\t\t\t\t\t\t\t<h3 class='uabb-testimonial-author-name testimonial-author-name'>Aivoinfarktin saaneita kuntoutujia<\/h3>\t\t\t\t\t\t\t\t\n\t\t\t\t\t\t\t<p>K\u00e4nnykk\u00e4h\u00e4lytys muistuttaa p\u00e4ivitt\u00e4in Cognitunerin tekemisest\u00e4 mink\u00e4 tekeminen rytmitt\u00e4\u00e4 p\u00e4iv\u00e4\u00e4ni.<\/p>\t\t\t\t\t\t\n\t\t\t\t\t\t\t\t<h3 class='uabb-testimonial-author-name testimonial-author-name'>Aivoinfarktin saaneita kuntoutujia<\/h3>\t\t\t\t\t\t\t\t\n\t\t\t\t\t\t\t<p>Kognitiiviset harjoitteet ovat t\u00e4rke\u00e4 palanen kuntoutuksessa, muutoin tekisin vain fyysisi\u00e4<br \/>harjoitteita.<\/p>\t\t\t\t\t\t\n\t\t\t\t\t\t\t\t<h3 class='uabb-testimonial-author-name testimonial-author-name'>Aivovamman saaneita kuntoutujia<\/h3>\t\t\t\t\t\t\t\t\n\t\t\t\t\t\t\t<p>Terapeutin kanssa keskustelu tuo motivaatiota ryhty\u00e4 tekem\u00e4\u00e4n ja tehd\u00e4 oikein.<\/p>\t\t\t\t\t\t\n\t\t\t\t\t\t\t\t<h3 class='uabb-testimonial-author-name testimonial-author-name'>Aivovamman saaneita kuntoutujia<\/h3>\t\t\t\t\t\t\t\t\n\t\t\t\t\t\t\t<p>Lis\u00e4\u00e4 ongelmanratkaisutaitoja.<\/p>\t\t\t\t\t\t\n\t\t\t\t\t\t\t\t<h3 class='uabb-testimonial-author-name testimonial-author-name'>Aivoinfarktin saaneita kuntoutujia<\/h3>\t\t\t\t\t\t\t\t\n\t\t\t\t\t\t\t<p>Saa itse\u00e4\u00e4n hereille, kun joutuu miettim\u00e4\u00e4n.<\/p>\t\t\t\t\t\t\n\t\t\t\t\t\t\t\t<h3 class='uabb-testimonial-author-name testimonial-author-name'>Varhaisvaiheen Alzheimerin tautiin sairastuneet alle 75-vuotiaita.<\/h3>\t\t\t\t\t\t\t\t\n\t\t\t\t\t\t\t<p>On hyv\u00e4, ett\u00e4 teht\u00e4viss\u00e4 on erilaisia vaikeustasoja, joista voi valita itselle sopivimman.<\/p>\t\t\t\t\t\t\n\t\t\t\t\t\t\t\t<h3 class='uabb-testimonial-author-name testimonial-author-name'>Varhaisvaiheen Alzheimerin tautiin sairastuneet alle 75-vuotiaita.<\/h3>\t\t\t\t\t\t\t\t\n\t\t\t\t\t\t\t<p>Koin, ett\u00e4 harjoittelu edisti toimintakyky\u00e4 kuten keskittymist\u00e4 ja hahmottamista.<\/p>\t\t\t\t\t\t\n\t\t\t\t\t\t\t\t<h3 class='uabb-testimonial-author-name testimonial-author-name'>Varhaisvaiheen Alzheimerin tautiin sairastuneet alle 75-vuotiaita.<\/h3>\t\t\t\t\t\t\t\t\n\t\t\t\t\t\t\t<p>Harjoittelun koin iloa tuottavana ja itseluottamusta edist\u00e4v\u00e4n\u00e4 mielen hyvinvoinnin l\u00e4hteen\u00e4.<\/p>\t\t\t\t\t\t\n\t<h1>\n\t\t\t\tAre you interested?\n\t\t\t<\/h1>\n\t\t\t<strong>Order a 2-month free demo with no obligation\u00a0here.<\/strong>\t\n\t\t\t<a href=\"https:\/\/cognituner.com\/en\/webshop\/\" target=\"_self\" role=\"button\" aria-label=\"Subscribe demo\" rel=\"noopener\">\n\t\t\t\t\t\t\tSubscribe demo\n\t\t<\/a>\n\n","protected":false},"excerpt":{"rendered":"<p>Experiences with Cognituner What is Cognituner? Cognituner is a tool for cognitive rehabilitation\u00a0developed by neuropsychologists. It is based on\u00a0research findings and models on cognitive\u00a0functioning, and its disorders after brain\u00a0injuries, alterations in brain functions, or aging,\u00a0as well as on evidence of neuroplasticity and\u00a0cognitive rehabilitation. Experiences Learn about the Cognituner user experience. I feel that my concentration [&hellip;]<\/p>\n","protected":false},"author":13,"featured_media":0,"parent":0,"menu_order":0,"comment_status":"closed","ping_status":"closed","template":"","meta":{"site-sidebar-layout":"no-sidebar","site-content-layout":"page-builder","ast-site-content-layout":"default","site-content-style":"default","site-sidebar-style":"default","ast-global-header-display":"","ast-banner-title-visibility":"","ast-main-header-display":"","ast-hfb-above-header-display":"","ast-hfb-below-header-display":"","ast-hfb-mobile-header-display":"","site-post-title":"disabled","ast-breadcrumbs-content":"","ast-featured-img":"disabled","footer-sml-layout":"","ast-disable-related-posts":"","theme-transparent-header-meta":"enabled","adv-header-id-meta":"","stick-header-meta":"default","header-above-stick-meta":"","header-main-stick-meta":"","header-below-stick-meta":"","astra-migrate-meta-layouts":"default","ast-page-background-enabled":"default","ast-page-background-meta":{"desktop":{"background-color":"","background-image":"","background-repeat":"repeat","background-position":"center center","background-size":"auto","background-attachment":"scroll","background-type":"","background-media":"","overlay-type":"","overlay-color":"","overlay-opacity":"","overlay-gradient":""},"tablet":{"background-color":"","background-image":"","background-repeat":"repeat","background-position":"center center","background-size":"auto","background-attachment":"scroll","background-type":"","background-media":"","overlay-type":"","overlay-color":"","overlay-opacity":"","overlay-gradient":""},"mobile":{"background-color":"","background-image":"","background-repeat":"repeat","background-position":"center center","background-size":"auto","background-attachment":"scroll","background-type":"","background-media":"","overlay-type":"","overlay-color":"","overlay-opacity":"","overlay-gradient":""}},"ast-content-background-meta":{"desktop":{"background-color":"var(--ast-global-color-5)","background-image":"","background-repeat":"repeat","background-position":"center center","background-size":"auto","background-attachment":"scroll","background-type":"","background-media":"","overlay-type":"","overlay-color":"","overlay-opacity":"","overlay-gradient":""},"tablet":{"background-color":"var(--ast-global-color-5)","background-image":"","background-repeat":"repeat","background-position":"center center","background-size":"auto","background-attachment":"scroll","background-type":"","background-media":"","overlay-type":"","overlay-color":"","overlay-opacity":"","overlay-gradient":""},"mobile":{"background-color":"var(--ast-global-color-5)","background-image":"","background-repeat":"repeat","background-position":"center center","background-size":"auto","background-attachment":"scroll","background-type":"","background-media":"","overlay-type":"","overlay-color":"","overlay-opacity":"","overlay-gradient":""}},"footnotes":""},"class_list":["post-12551","page","type-page","status-publish","hentry"],"yoast_head":"<!-- This site is optimized with the Yoast SEO plugin v26.8 - https:\/\/yoast.com\/product\/yoast-seo-wordpress\/ -->\n<title>Cognituner - Experiences with Cognituner -<\/title>\n<meta name=\"description\" content=\"Experiences with Cognituner. Order a 2-month free demo with no obligation here.\" \/>\n<meta name=\"robots\" content=\"index, follow, max-snippet:-1, max-image-preview:large, max-video-preview:-1\" \/>\n<link rel=\"canonical\" href=\"https:\/\/cognituner.com\/experiences-with-cognituner\/\" \/>\n<meta property=\"og:locale\" content=\"en_US\" \/>\n<meta property=\"og:type\" content=\"article\" \/>\n<meta property=\"og:title\" content=\"Cognituner - Experiences with Cognituner -\" \/>\n<meta property=\"og:description\" content=\"Experiences with Cognituner. Order a 2-month free demo with no obligation here.\" \/>\n<meta property=\"og:url\" content=\"https:\/\/cognituner.com\/experiences-with-cognituner\/\" \/>\n<meta property=\"og:site_name\" content=\"Cognituner\" \/>\n<meta property=\"article:modified_time\" content=\"2021-09-20T18:10:13+00:00\" \/>\n<meta property=\"og:image\" content=\"https:\/\/cognituner.com\/wp-content\/uploads\/2019\/01\/quote-free-img.png\" \/>\n<meta name=\"twitter:card\" content=\"summary_large_image\" \/>\n<meta name=\"twitter:label1\" content=\"Est. reading time\" \/>\n\t<meta name=\"twitter:data1\" content=\"1 minute\" \/>\n<script type=\"application\/ld+json\" class=\"yoast-schema-graph\">{\"@context\":\"https:\/\/schema.org\",\"@graph\":[{\"@type\":\"WebPage\",\"@id\":\"https:\/\/cognituner.com\/experiences-with-cognituner\/\",\"url\":\"https:\/\/cognituner.com\/experiences-with-cognituner\/\",\"name\":\"Cognituner - Experiences with Cognituner -\",\"isPartOf\":{\"@id\":\"https:\/\/cognituner.com\/#website\"},\"primaryImageOfPage\":{\"@id\":\"https:\/\/cognituner.com\/experiences-with-cognituner\/#primaryimage\"},\"image\":{\"@id\":\"https:\/\/cognituner.com\/experiences-with-cognituner\/#primaryimage\"},\"thumbnailUrl\":\"https:\/\/cognituner.com\/wp-content\/uploads\/2019\/01\/quote-free-img.png\",\"datePublished\":\"2021-07-23T16:56:41+00:00\",\"dateModified\":\"2021-09-20T18:10:13+00:00\",\"description\":\"Experiences with Cognituner. Order a 2-month free demo with no obligation here.\",\"breadcrumb\":{\"@id\":\"https:\/\/cognituner.com\/experiences-with-cognituner\/#breadcrumb\"},\"inLanguage\":\"en-US\",\"potentialAction\":[{\"@type\":\"ReadAction\",\"target\":[\"https:\/\/cognituner.com\/experiences-with-cognituner\/\"]}]},{\"@type\":\"ImageObject\",\"inLanguage\":\"en-US\",\"@id\":\"https:\/\/cognituner.com\/experiences-with-cognituner\/#primaryimage\",\"url\":\"https:\/\/cognituner.com\/wp-content\/uploads\/2019\/01\/quote-free-img.png\",\"contentUrl\":\"https:\/\/cognituner.com\/wp-content\/uploads\/2019\/01\/quote-free-img.png\"},{\"@type\":\"BreadcrumbList\",\"@id\":\"https:\/\/cognituner.com\/experiences-with-cognituner\/#breadcrumb\",\"itemListElement\":[{\"@type\":\"ListItem\",\"position\":1,\"name\":\"Home\",\"item\":\"https:\/\/cognituner.com\/home\/\"},{\"@type\":\"ListItem\",\"position\":2,\"name\":\"Experiences with Cognituner\"}]},{\"@type\":\"WebSite\",\"@id\":\"https:\/\/cognituner.com\/#website\",\"url\":\"https:\/\/cognituner.com\/\",\"name\":\"Cognituner\",\"description\":\"A tool for cognitive rehabilitation\",\"publisher\":{\"@id\":\"https:\/\/cognituner.com\/#organization\"},\"potentialAction\":[{\"@type\":\"SearchAction\",\"target\":{\"@type\":\"EntryPoint\",\"urlTemplate\":\"https:\/\/cognituner.com\/?s={search_term_string}\"},\"query-input\":{\"@type\":\"PropertyValueSpecification\",\"valueRequired\":true,\"valueName\":\"search_term_string\"}}],\"inLanguage\":\"en-US\"},{\"@type\":\"Organization\",\"@id\":\"https:\/\/cognituner.com\/#organization\",\"name\":\"Cognituner Oy\",\"url\":\"https:\/\/cognituner.com\/\",\"logo\":{\"@type\":\"ImageObject\",\"inLanguage\":\"en-US\",\"@id\":\"https:\/\/cognituner.com\/#\/schema\/logo\/image\/\",\"url\":\"https:\/\/cognituner.com\/wp-content\/uploads\/2020\/08\/Cognituner-logo-Long.png\",\"contentUrl\":\"https:\/\/cognituner.com\/wp-content\/uploads\/2020\/08\/Cognituner-logo-Long.png\",\"width\":1029,\"height\":149,\"caption\":\"Cognituner Oy\"},\"image\":{\"@id\":\"https:\/\/cognituner.com\/#\/schema\/logo\/image\/\"}}]}<\/script>\n<!-- \/ Yoast SEO plugin. -->","yoast_head_json":{"title":"Cognituner - Experiences with Cognituner -","description":"Experiences with Cognituner. Order a 2-month free demo with no obligation here.","robots":{"index":"index","follow":"follow","max-snippet":"max-snippet:-1","max-image-preview":"max-image-preview:large","max-video-preview":"max-video-preview:-1"},"canonical":"https:\/\/cognituner.com\/experiences-with-cognituner\/","og_locale":"en_US","og_type":"article","og_title":"Cognituner - Experiences with Cognituner -","og_description":"Experiences with Cognituner. Order a 2-month free demo with no obligation here.","og_url":"https:\/\/cognituner.com\/experiences-with-cognituner\/","og_site_name":"Cognituner","article_modified_time":"2021-09-20T18:10:13+00:00","og_image":[{"url":"https:\/\/cognituner.com\/wp-content\/uploads\/2019\/01\/quote-free-img.png","type":"","width":"","height":""}],"twitter_card":"summary_large_image","twitter_misc":{"Est. reading time":"1 minute"},"schema":{"@context":"https:\/\/schema.org","@graph":[{"@type":"WebPage","@id":"https:\/\/cognituner.com\/experiences-with-cognituner\/","url":"https:\/\/cognituner.com\/experiences-with-cognituner\/","name":"Cognituner - Experiences with Cognituner -","isPartOf":{"@id":"https:\/\/cognituner.com\/#website"},"primaryImageOfPage":{"@id":"https:\/\/cognituner.com\/experiences-with-cognituner\/#primaryimage"},"image":{"@id":"https:\/\/cognituner.com\/experiences-with-cognituner\/#primaryimage"},"thumbnailUrl":"https:\/\/cognituner.com\/wp-content\/uploads\/2019\/01\/quote-free-img.png","datePublished":"2021-07-23T16:56:41+00:00","dateModified":"2021-09-20T18:10:13+00:00","description":"Experiences with Cognituner. Order a 2-month free demo with no obligation here.","breadcrumb":{"@id":"https:\/\/cognituner.com\/experiences-with-cognituner\/#breadcrumb"},"inLanguage":"en-US","potentialAction":[{"@type":"ReadAction","target":["https:\/\/cognituner.com\/experiences-with-cognituner\/"]}]},{"@type":"ImageObject","inLanguage":"en-US","@id":"https:\/\/cognituner.com\/experiences-with-cognituner\/#primaryimage","url":"https:\/\/cognituner.com\/wp-content\/uploads\/2019\/01\/quote-free-img.png","contentUrl":"https:\/\/cognituner.com\/wp-content\/uploads\/2019\/01\/quote-free-img.png"},{"@type":"BreadcrumbList","@id":"https:\/\/cognituner.com\/experiences-with-cognituner\/#breadcrumb","itemListElement":[{"@type":"ListItem","position":1,"name":"Home","item":"https:\/\/cognituner.com\/home\/"},{"@type":"ListItem","position":2,"name":"Experiences with Cognituner"}]},{"@type":"WebSite","@id":"https:\/\/cognituner.com\/#website","url":"https:\/\/cognituner.com\/","name":"Cognituner","description":"A tool for cognitive rehabilitation","publisher":{"@id":"https:\/\/cognituner.com\/#organization"},"potentialAction":[{"@type":"SearchAction","target":{"@type":"EntryPoint","urlTemplate":"https:\/\/cognituner.com\/?s={search_term_string}"},"query-input":{"@type":"PropertyValueSpecification","valueRequired":true,"valueName":"search_term_string"}}],"inLanguage":"en-US"},{"@type":"Organization","@id":"https:\/\/cognituner.com\/#organization","name":"Cognituner Oy","url":"https:\/\/cognituner.com\/","logo":{"@type":"ImageObject","inLanguage":"en-US","@id":"https:\/\/cognituner.com\/#\/schema\/logo\/image\/","url":"https:\/\/cognituner.com\/wp-content\/uploads\/2020\/08\/Cognituner-logo-Long.png","contentUrl":"https:\/\/cognituner.com\/wp-content\/uploads\/2020\/08\/Cognituner-logo-Long.png","width":1029,"height":149,"caption":"Cognituner Oy"},"image":{"@id":"https:\/\/cognituner.com\/#\/schema\/logo\/image\/"}}]}},"_links":{"self":[{"href":"https:\/\/cognituner.com\/en\/wp-json\/wp\/v2\/pages\/12551","targetHints":{"allow":["GET"]}}],"collection":[{"href":"https:\/\/cognituner.com\/en\/wp-json\/wp\/v2\/pages"}],"about":[{"href":"https:\/\/cognituner.com\/en\/wp-json\/wp\/v2\/types\/page"}],"author":[{"embeddable":true,"href":"https:\/\/cognituner.com\/en\/wp-json\/wp\/v2\/users\/13"}],"replies":[{"embeddable":true,"href":"https:\/\/cognituner.com\/en\/wp-json\/wp\/v2\/comments?post=12551"}],"version-history":[{"count":2,"href":"https:\/\/cognituner.com\/en\/wp-json\/wp\/v2\/pages\/12551\/revisions"}],"predecessor-version":[{"id":12646,"href":"https:\/\/cognituner.com\/en\/wp-json\/wp\/v2\/pages\/12551\/revisions\/12646"}],"wp:attachment":[{"href":"https:\/\/cognituner.com\/en\/wp-json\/wp\/v2\/media?parent=12551"}],"curies":[{"name":"wp","href":"https:\/\/api.w.org\/{rel}","templated":true}]}}